{"id":466,"date":"2024-12-16T22:47:44","date_gmt":"2024-12-16T21:47:44","guid":{"rendered":"https:\/\/cafe-tartine.com\/?page_id=466"},"modified":"2024-12-19T23:13:42","modified_gmt":"2024-12-19T22:13:42","slug":"mentions-legales","status":"publish","type":"page","link":"https:\/\/cafe-tartine.com\/en\/mentions-legales\/","title":{"rendered":"Terms of use"},"content":{"rendered":"<div data-elementor-type=\"wp-page\" data-elementor-id=\"466\" class=\"elementor elementor-466\" data-elementor-post-type=\"page\">\n\t\t\t\t<div class=\"elementor-element elementor-element-df26625 e-flex e-con-boxed e-con e-parent\" data-id=\"df26625\" data-element_type=\"container\" data-e-type=\"container\">\n\t\t\t\t\t<div class=\"e-con-inner\">\n\t\t\t\t<div class=\"elementor-element elementor-element-e8c1f98 elementor-widget elementor-widget-heading\" data-id=\"e8c1f98\" data-element_type=\"widget\" data-e-type=\"widget\" data-widget_type=\"heading.default\">\n\t\t\t\t<div class=\"elementor-widget-container\">\n\t\t\t\t\t<h2 class=\"elementor-heading-title elementor-size-default\">Terms of use\n<\/h2>\t\t\t\t<\/div>\n\t\t\t\t<\/div>\n\t\t<div class=\"elementor-element elementor-element-cd52d26 e-con-full e-flex e-con e-child\" data-id=\"cd52d26\" data-element_type=\"container\" data-e-type=\"container\">\n\t\t\t\t<div class=\"elementor-element elementor-element-c3e9cf2 elementor-widget elementor-widget-heading\" data-id=\"c3e9cf2\" data-element_type=\"widget\" data-e-type=\"widget\" data-widget_type=\"heading.default\">\n\t\t\t\t<div class=\"elementor-widget-container\">\n\t\t\t\t\t<h2 class=\"elementor-heading-title elementor-size-default\">Site editor<\/h2>\t\t\t\t<\/div>\n\t\t\t\t<\/div>\n\t\t\t\t<div class=\"elementor-element elementor-element-32d2300 elementor-widget elementor-widget-text-editor\" data-id=\"32d2300\" data-element_type=\"widget\" data-e-type=\"widget\" data-widget_type=\"text-editor.default\">\n\t\t\t\t<div class=\"elementor-widget-container\">\n\t\t\t\t\t\t\t\t\tCaf\u00e9 Tartine<br>161 rue Joseph Vallot<br>74400, chamonix<br>+33 6 95 80 44 83<br>contact@cafe-tartine.com\t\t\t\t\t\t\t\t<\/div>\n\t\t\t\t<\/div>\n\t\t\t\t<\/div>\n\t\t<div class=\"elementor-element elementor-element-5cd6d9c e-con-full e-flex e-con e-child\" data-id=\"5cd6d9c\" data-element_type=\"container\" data-e-type=\"container\">\n\t\t\t\t<div class=\"elementor-element elementor-element-5eb8bf1 elementor-widget elementor-widget-heading\" data-id=\"5eb8bf1\" data-element_type=\"widget\" data-e-type=\"widget\" data-widget_type=\"heading.default\">\n\t\t\t\t<div class=\"elementor-widget-container\">\n\t\t\t\t\t<h2 class=\"elementor-heading-title elementor-size-default\">Hosting\n<\/h2>\t\t\t\t<\/div>\n\t\t\t\t<\/div>\n\t\t\t\t<div class=\"elementor-element elementor-element-0fe0c41 elementor-widget elementor-widget-text-editor\" data-id=\"0fe0c41\" data-element_type=\"widget\" data-e-type=\"widget\" data-widget_type=\"text-editor.default\">\n\t\t\t\t<div class=\"elementor-widget-container\">\n\t\t\t\t\t\t\t\t\tThe site is hosted by Hostinger,<br>61 Lordou Virinos Streer, 6023 Larnaca, Chypre.\t\t\t\t\t\t\t\t<\/div>\n\t\t\t\t<\/div>\n\t\t\t\t<\/div>\n\t\t<div class=\"elementor-element elementor-element-c6e67eb e-con-full e-flex e-con e-child\" data-id=\"c6e67eb\" data-element_type=\"container\" data-e-type=\"container\">\n\t\t\t\t<div class=\"elementor-element elementor-element-c035a12 elementor-widget elementor-widget-heading\" data-id=\"c035a12\" data-element_type=\"widget\" data-e-type=\"widget\" data-widget_type=\"heading.default\">\n\t\t\t\t<div class=\"elementor-widget-container\">\n\t\t\t\t\t<h2 class=\"elementor-heading-title elementor-size-default\">Intellectual property\n<\/h2>\t\t\t\t<\/div>\n\t\t\t\t<\/div>\n\t\t\t\t<div class=\"elementor-element elementor-element-680c98d elementor-widget elementor-widget-text-editor\" data-id=\"680c98d\" data-element_type=\"widget\" data-e-type=\"widget\" data-widget_type=\"text-editor.default\">\n\t\t\t\t<div class=\"elementor-widget-container\">\n\t\t\t\t\t\t\t\t\t<p>The content of the cafe-tartine.com website (texts, images, videos, etc.) is protected by intellectual property laws and belongs to \u201cCafe Tartine\u201d. Any reproduction, representation, distribution or exploitation of this content is strictly forbidden without prior authorization.<\/p>\t\t\t\t\t\t\t\t<\/div>\n\t\t\t\t<\/div>\n\t\t\t\t<\/div>\n\t\t<div class=\"elementor-element elementor-element-fcc5187 e-con-full e-flex e-con e-child\" data-id=\"fcc5187\" data-element_type=\"container\" data-e-type=\"container\">\n\t\t\t\t<div class=\"elementor-element elementor-element-3a51c2d elementor-widget elementor-widget-heading\" data-id=\"3a51c2d\" data-element_type=\"widget\" data-e-type=\"widget\" data-widget_type=\"heading.default\">\n\t\t\t\t<div class=\"elementor-widget-container\">\n\t\t\t\t\t<h2 class=\"elementor-heading-title elementor-size-default\">Personal data\n<\/h2>\t\t\t\t<\/div>\n\t\t\t\t<\/div>\n\t\t\t\t<div class=\"elementor-element elementor-element-2c9669d elementor-widget elementor-widget-text-editor\" data-id=\"2c9669d\" data-element_type=\"widget\" data-e-type=\"widget\" data-widget_type=\"text-editor.default\">\n\t\t\t\t<div class=\"elementor-widget-container\">\n\t\t\t\t\t\t\t\t\t<p>Caf\u00e9 Tartine\u201d is committed to protecting the privacy of its website users. For more information on the collection and processing of personal data, please consult our Privacy Policy.<\/p>\t\t\t\t\t\t\t\t<\/div>\n\t\t\t\t<\/div>\n\t\t\t\t<\/div>\n\t\t<div class=\"elementor-element elementor-element-91bac2b e-con-full e-flex e-con e-child\" data-id=\"91bac2b\" data-element_type=\"container\" data-e-type=\"container\">\n\t\t\t\t<div class=\"elementor-element elementor-element-30a1de8 elementor-widget elementor-widget-heading\" data-id=\"30a1de8\" data-element_type=\"widget\" data-e-type=\"widget\" data-widget_type=\"heading.default\">\n\t\t\t\t<div class=\"elementor-widget-container\">\n\t\t\t\t\t<h2 class=\"elementor-heading-title elementor-size-default\">Cookie\n<\/h2>\t\t\t\t<\/div>\n\t\t\t\t<\/div>\n\t\t\t\t<div class=\"elementor-element elementor-element-c139b0c elementor-widget elementor-widget-text-editor\" data-id=\"c139b0c\" data-element_type=\"widget\" data-e-type=\"widget\" data-widget_type=\"text-editor.default\">\n\t\t\t\t<div class=\"elementor-widget-container\">\n\t\t\t\t\t\t\t\t\t<p>The cafe-tartine.com website uses cookies to improve the user experience. By browsing this site, you consent to the use of cookies in accordance with our Cookie Policy.<\/p>\t\t\t\t\t\t\t\t<\/div>\n\t\t\t\t<\/div>\n\t\t\t\t<\/div>\n\t\t<div class=\"elementor-element elementor-element-7be080e e-con-full e-flex e-con e-child\" data-id=\"7be080e\" data-element_type=\"container\" data-e-type=\"container\">\n\t\t\t\t<div class=\"elementor-element elementor-element-dc6c9cd elementor-widget elementor-widget-heading\" data-id=\"dc6c9cd\" data-element_type=\"widget\" data-e-type=\"widget\" data-widget_type=\"heading.default\">\n\t\t\t\t<div class=\"elementor-widget-container\">\n\t\t\t\t\t<h2 class=\"elementor-heading-title elementor-size-default\">External links\n<\/h2>\t\t\t\t<\/div>\n\t\t\t\t<\/div>\n\t\t\t\t<div class=\"elementor-element elementor-element-54071fe elementor-widget elementor-widget-text-editor\" data-id=\"54071fe\" data-element_type=\"widget\" data-e-type=\"widget\" data-widget_type=\"text-editor.default\">\n\t\t\t\t<div class=\"elementor-widget-container\">\n\t\t\t\t\t\t\t\t\t<p>The cafe-tartine.com website may contain links to third-party websites. The company \u201cCaf\u00e9 Tartine\u201d is not responsible for the content of these external sites or for any damage caused by their use.<\/p>\t\t\t\t\t\t\t\t<\/div>\n\t\t\t\t<\/div>\n\t\t\t\t<\/div>\n\t\t<div class=\"elementor-element elementor-element-e2e2392 e-con-full e-flex e-con e-child\" data-id=\"e2e2392\" data-element_type=\"container\" data-e-type=\"container\">\n\t\t\t\t<div class=\"elementor-element elementor-element-c1724c0 elementor-widget elementor-widget-heading\" data-id=\"c1724c0\" data-element_type=\"widget\" data-e-type=\"widget\" data-widget_type=\"heading.default\">\n\t\t\t\t<div class=\"elementor-widget-container\">\n\t\t\t\t\t<h2 class=\"elementor-heading-title elementor-size-default\">Applicable law\n<\/h2>\t\t\t\t<\/div>\n\t\t\t\t<\/div>\n\t\t\t\t<div class=\"elementor-element elementor-element-8902115 elementor-widget elementor-widget-text-editor\" data-id=\"8902115\" data-element_type=\"widget\" data-e-type=\"widget\" data-widget_type=\"text-editor.default\">\n\t\t\t\t<div class=\"elementor-widget-container\">\n\t\t\t\t\t\t\t\t\t<p>This site is governed by French law. In the event of a dispute, the French courts shall have exclusive jurisdiction.<\/p>\t\t\t\t\t\t\t\t<\/div>\n\t\t\t\t<\/div>\n\t\t\t\t<\/div>\n\t\t<div class=\"elementor-element elementor-element-b7c51b2 e-con-full e-flex e-con e-child\" data-id=\"b7c51b2\" data-element_type=\"container\" data-e-type=\"container\">\n\t\t\t\t<div class=\"elementor-element elementor-element-dddbd58 elementor-widget elementor-widget-heading\" data-id=\"dddbd58\" data-element_type=\"widget\" data-e-type=\"widget\" data-widget_type=\"heading.default\">\n\t\t\t\t<div class=\"elementor-widget-container\">\n\t\t\t\t\t<h2 class=\"elementor-heading-title elementor-size-default\">Credit\n<\/h2>\t\t\t\t<\/div>\n\t\t\t\t<\/div>\n\t\t\t\t<div class=\"elementor-element elementor-element-1327bef elementor-widget elementor-widget-text-editor\" data-id=\"1327bef\" data-element_type=\"widget\" data-e-type=\"widget\" data-widget_type=\"text-editor.default\">\n\t\t\t\t<div class=\"elementor-widget-container\">\n\t\t\t\t\t\t\t\t\t<p>The cafe-tartine.com website was designed by BZZ Studio.<\/p>\t\t\t\t\t\t\t\t<\/div>\n\t\t\t\t<\/div>\n\t\t\t\t<\/div>\n\t\t\t\t\t<\/div>\n\t\t\t\t<\/div>\n\t\t\t\t<\/div>","protected":false},"excerpt":{"rendered":"<p>Mentions l\u00e9gales \u00c9diteur du site Caf\u00e9 Tartine161 rue Joseph Vallot74400, chamonix+33 6 95 80 44 83contact@cafe-tartine.com H\u00e9bergement Le site est h\u00e9berg\u00e9 par Hostinger,61 Lordou Virinos Streer, 6023 Larnaca, Chypre. Propri\u00e9t\u00e9 intellectuelle Le contenu du site cafe-tartine.com (textes, images, vid\u00e9os, etc.) est prot\u00e9g\u00e9 par les lois sur la propri\u00e9t\u00e9 intellectuelle et appartient \u00e0 \u201cCafe Tartine\u201d. Toute [&hellip;]<\/p>\n","protected":false},"author":1,"featured_media":0,"parent":0,"menu_order":0,"comment_status":"closed","ping_status":"closed","template":"","meta":{"footnotes":""},"class_list":["post-466","page","type-page","status-publish","hentry"],"_links":{"self":[{"href":"https:\/\/cafe-tartine.com\/en\/wp-json\/wp\/v2\/pages\/466","targetHints":{"allow":["GET"]}}],"collection":[{"href":"https:\/\/cafe-tartine.com\/en\/wp-json\/wp\/v2\/pages"}],"about":[{"href":"https:\/\/cafe-tartine.com\/en\/wp-json\/wp\/v2\/types\/page"}],"author":[{"embeddable":true,"href":"https:\/\/cafe-tartine.com\/en\/wp-json\/wp\/v2\/users\/1"}],"replies":[{"embeddable":true,"href":"https:\/\/cafe-tartine.com\/en\/wp-json\/wp\/v2\/comments?post=466"}],"version-history":[{"count":13,"href":"https:\/\/cafe-tartine.com\/en\/wp-json\/wp\/v2\/pages\/466\/revisions"}],"predecessor-version":[{"id":726,"href":"https:\/\/cafe-tartine.com\/en\/wp-json\/wp\/v2\/pages\/466\/revisions\/726"}],"wp:attachment":[{"href":"https:\/\/cafe-tartine.com\/en\/wp-json\/wp\/v2\/media?parent=466"}],"curies":[{"name":"wp","href":"https:\/\/api.w.org\/{rel}","templated":true}]}}